{"id":554,"date":"2020-04-07T15:21:25","date_gmt":"2020-04-07T15:21:25","guid":{"rendered":"https:\/\/elelmiszerbiztonsag.com\/?page_id=554"},"modified":"2020-04-07T15:21:25","modified_gmt":"2020-04-07T15:21:25","slug":"kosar","status":"publish","type":"page","link":"https:\/\/elelmiszerbiztonsag.com\/?page_id=554","title":{"rendered":"Kos\u00e1r"},"content":{"rendered":"<div class=\"woocommerce\"><div class=\"woocommerce-notices-wrapper\"><\/div><p class=\"cart-empty woocommerce-info\">Jelenleg \u00fcres a bev\u00e1s\u00e1rl\u00f3kos\u00e1r.<\/p>\t<p class=\"return-to-shop\">\n\t\t<a class=\"button wc-backward\" href=\"https:\/\/elelmiszerbiztonsag.com\">\n\t\t\tV\u00e1s\u00e1rl\u00e1s folytat\u00e1sa\t\t<\/a>\n\t<\/p>\n<\/div>\n","protected":false},"excerpt":{"rendered":"","protected":false},"author":1,"featured_media":0,"parent":0,"menu_order":0,"comment_status":"closed","ping_status":"closed","template":"","meta":[],"yoast_head":"<!-- This site is optimized with the Yoast SEO plugin v14.0.4 - https:\/\/yoast.com\/wordpress\/plugins\/seo\/ -->\n<title>Kos\u00e1r | \u00c9lelmiszerbiztons\u00e1g \u00e9s HACCP tan\u00e1csad\u00e1s<\/title>\n<meta name=\"robots\" content=\"index, follow\" \/>\n<meta name=\"googlebot\" content=\"index, follow, max-snippet:-1, max-image-preview:large, max-video-preview:-1\" \/>\n<meta name=\"bingbot\" content=\"index, follow, max-snippet:-1, max-image-preview:large, max-video-preview:-1\" \/>\n<link rel=\"canonical\" href=\"https:\/\/elelmiszerbiztonsag.com\/?page_id=554\" \/>\n<meta property=\"og:locale\" content=\"hu_HU\" \/>\n<meta property=\"og:type\" content=\"article\" \/>\n<meta property=\"og:title\" content=\"Kos\u00e1r | \u00c9lelmiszerbiztons\u00e1g \u00e9s HACCP tan\u00e1csad\u00e1s\" \/>\n<meta property=\"og:url\" content=\"https:\/\/elelmiszerbiztonsag.com\/?page_id=554\" \/>\n<meta property=\"og:site_name\" content=\"\u00c9lelmiszerbiztons\u00e1g \u00e9s HACCP tan\u00e1csad\u00e1s\" \/>\n<meta property=\"article:publisher\" content=\"https:\/\/www.facebook.com\/haccptanacsadas\/?modal=admin_todo_tour\" \/>\n<meta name=\"twitter:card\" content=\"summary_large_image\" \/>\n<script type=\"application\/ld+json\" class=\"yoast-schema-graph\">{\"@context\":\"https:\/\/schema.org\",\"@graph\":[{\"@type\":\"Organization\",\"@id\":\"https:\/\/elelmiszerbiztonsag.com\/#organization\",\"name\":\"\\u00c9lelmiszerbiztons\\u00e1g \\u00e9s HACCP tan\\u00e1csad\\u00e1s\",\"url\":\"https:\/\/elelmiszerbiztonsag.com\/\",\"sameAs\":[\"https:\/\/www.facebook.com\/haccptanacsadas\/?modal=admin_todo_tour\"],\"logo\":{\"@type\":\"ImageObject\",\"@id\":\"https:\/\/elelmiszerbiztonsag.com\/#logo\",\"inLanguage\":\"hu\",\"url\":\"https:\/\/elelmiszerbiztonsag.com\/wp-content\/uploads\/2020\/04\/web1.png\",\"width\":200,\"height\":187,\"caption\":\"\\u00c9lelmiszerbiztons\\u00e1g \\u00e9s HACCP tan\\u00e1csad\\u00e1s\"},\"image\":{\"@id\":\"https:\/\/elelmiszerbiztonsag.com\/#logo\"}},{\"@type\":\"WebSite\",\"@id\":\"https:\/\/elelmiszerbiztonsag.com\/#website\",\"url\":\"https:\/\/elelmiszerbiztonsag.com\/\",\"name\":\"\\u00c9lelmiszerbiztons\\u00e1g \\u00e9s HACCP tan\\u00e1csad\\u00e1s\",\"description\":\"My WordPress Blog\",\"publisher\":{\"@id\":\"https:\/\/elelmiszerbiztonsag.com\/#organization\"},\"potentialAction\":[{\"@type\":\"SearchAction\",\"target\":\"https:\/\/elelmiszerbiztonsag.com\/?s={search_term_string}\",\"query-input\":\"required name=search_term_string\"}],\"inLanguage\":\"hu\"},{\"@type\":\"WebPage\",\"@id\":\"https:\/\/elelmiszerbiztonsag.com\/?page_id=554#webpage\",\"url\":\"https:\/\/elelmiszerbiztonsag.com\/?page_id=554\",\"name\":\"Kos\\u00e1r | \\u00c9lelmiszerbiztons\\u00e1g \\u00e9s HACCP tan\\u00e1csad\\u00e1s\",\"isPartOf\":{\"@id\":\"https:\/\/elelmiszerbiztonsag.com\/#website\"},\"datePublished\":\"2020-04-07T15:21:25+00:00\",\"dateModified\":\"2020-04-07T15:21:25+00:00\",\"inLanguage\":\"hu\",\"potentialAction\":[{\"@type\":\"ReadAction\",\"target\":[\"https:\/\/elelmiszerbiztonsag.com\/?page_id=554\"]}]}]}<\/script>\n<!-- \/ Yoast SEO plugin. -->","_links":{"self":[{"href":"https:\/\/elelmiszerbiztonsag.com\/index.php?rest_route=\/wp\/v2\/pages\/554"}],"collection":[{"href":"https:\/\/elelmiszerbiztonsag.com\/index.php?rest_route=\/wp\/v2\/pages"}],"about":[{"href":"https:\/\/elelmiszerbiztonsag.com\/index.php?rest_route=\/wp\/v2\/types\/page"}],"author":[{"embeddable":true,"href":"https:\/\/elelmiszerbiztonsag.com\/index.php?rest_route=\/wp\/v2\/users\/1"}],"replies":[{"embeddable":true,"href":"https:\/\/elelmiszerbiztonsag.com\/index.php?rest_route=%2Fwp%2Fv2%2Fcomments&post=554"}],"version-history":[{"count":0,"href":"https:\/\/elelmiszerbiztonsag.com\/index.php?rest_route=\/wp\/v2\/pages\/554\/revisions"}],"wp:attachment":[{"href":"https:\/\/elelmiszerbiztonsag.com\/index.php?rest_route=%2Fwp%2Fv2%2Fmedia&parent=554"}],"curies":[{"name":"wp","href":"https:\/\/api.w.org\/{rel}","templated":true}]}}